{"id":679,"date":"2026-01-02T18:37:38","date_gmt":"2026-01-02T17:37:38","guid":{"rendered":"https:\/\/strongholdoperativ.hu\/general-terms-and-conditions-gtc\/"},"modified":"2026-02-10T11:38:28","modified_gmt":"2026-02-10T10:38:28","slug":"general-terms-and-conditions-gtc","status":"publish","type":"page","link":"https:\/\/strongholdoperativ.hu\/en\/general-terms-and-conditions-gtc\/","title":{"rendered":"General Terms and Conditions (GTC)"},"content":{"rendered":"\n<p>Effective from: 1 January 2026 <\/p>\n\n\n\n<p>These General Terms and Conditions (hereinafter: GTC) govern the conditions for using the consulting services provided by Stronghold Operative Consulting (hereinafter: the Service Provider).<\/p>\n\n\n\n<h4 class=\"wp-block-heading\">1. Service Provider Details <\/h4>\n\n\n\n<p>Name: Stronghold Operat\u00edv Tan\u00e1csad\u00e1s<br>Contact email: <a href=\"mailto:info@strongholdoperativ.hu\" target=\"_blank\" rel=\"noreferrer noopener\">info@strongholdoperativ.hu<\/a><br>Website: <a href=\"https:\/\/strongholdoperativ.hu\/en\/\" target=\"_blank\" rel=\"noreferrer noopener\">https:\/\/strongholdoperativ.hu<\/a><\/p>\n\n\n\n<p>Legal Form: Sole trader<br>Representative: Zrena Anita<br>Registered Office: <br>Registration Number: <\/p>\n\n\n\n<h4 class=\"wp-block-heading\">2. Scope of the GTC<\/h4>\n\n\n\n<p>These GTC apply to all consulting relationships established between the Service Provider and the Client, unless the parties expressly agree otherwise in writing.<\/p>\n\n\n\n<h4 class=\"wp-block-heading\">3. Nature of the Service<\/h4>\n\n\n\n<p>The services provided by the Service Provider are of a consulting nature.<br>The Service Provider does not assume responsibility for the implementation of recommendations or for any resulting business, financial, or legal outcomes. <\/p>\n\n\n\n<h4 class=\"wp-block-heading\">4. Formation of the Contract<\/h4>\n\n\n\n<p>A contract is formed upon the written agreement of the parties, in particular through acceptance of a commercial offer and\/or signing a consulting agreement.<\/p>\n\n\n\n<h4 class=\"wp-block-heading\">5. Fees and Payment Terms<\/h4>\n\n\n\n<p>Service fees are defined in individual commercial offers.<br>The Service Provider operates under VAT exemption status.<br>Payment method and schedule are agreed separately by the parties in writing.  <\/p>\n\n\n\n<h4 class=\"wp-block-heading\">6. Client Obligations<\/h4>\n\n\n\n<p>The Client is obliged to provide all information required for consulting services accurately and truthfully.<br>The Service Provider is not required to verify the accuracy or completeness of the information provided. <\/p>\n\n\n\n<h4 class=\"wp-block-heading\">7. Confidentiality<\/h4>\n\n\n\n<p>The parties shall treat all business and other information obtained during the consulting process as confidential.<\/p>\n\n\n\n<h4 class=\"wp-block-heading\">8. Limitation of Liability<\/h4>\n\n\n\n<p>The Service Provider\u2019s liability is limited exclusively to the professional performance of consulting services.<\/p>\n\n\n\n<h4 class=\"wp-block-heading\">9. Dispute Resolution<\/h4>\n\n\n\n<p>The parties shall attempt to resolve any disputes amicably.<br>If no settlement is reached, the court with jurisdiction at the Service Provider\u2019s registered office shall have exclusive competence. <\/p>\n\n\n\n<h4 class=\"wp-block-heading\">10. Final Provisions<\/h4>\n\n\n\n<p>Matters not regulated in these GTC shall be governed by the provisions of the Hungarian Civil Code.<\/p>\n","protected":false},"excerpt":{"rendered":"<p>Effective from: 1 January 2026 These General Terms and Conditions (hereinafter: GTC) govern the conditions for using the consulting services [&hellip;]<\/p>\n","protected":false},"author":2,"featured_media":0,"parent":0,"menu_order":9,"comment_status":"closed","ping_status":"closed","template":"","meta":{"site-sidebar-layout":"default","site-content-layout":"","ast-site-content-layout":"default","site-content-style":"default","site-sidebar-style":"default","ast-global-header-display":"","ast-banner-title-visibility":"","ast-main-header-display":"","ast-hfb-above-header-display":"","ast-hfb-below-header-display":"","ast-hfb-mobile-header-display":"","site-post-title":"disabled","ast-breadcrumbs-content":"","ast-featured-img":"","footer-sml-layout":"","ast-disable-related-posts":"","theme-transparent-header-meta":"","adv-header-id-meta":"","stick-header-meta":"","header-above-stick-meta":"","header-main-stick-meta":"","header-below-stick-meta":"","astra-migrate-meta-layouts":"default","ast-page-background-enabled":"default","ast-page-background-meta":{"desktop":{"background-color":"var(--ast-global-color-5)","background-image":"","background-repeat":"repeat","background-position":"center center","background-size":"auto","background-attachment":"scroll","background-type":"","background-media":"","overlay-type":"","overlay-color":"","overlay-opacity":"","overlay-gradient":""},"tablet":{"background-color":"","background-image":"","background-repeat":"repeat","background-position":"center center","background-size":"auto","background-attachment":"scroll","background-type":"","background-media":"","overlay-type":"","overlay-color":"","overlay-opacity":"","overlay-gradient":""},"mobile":{"background-color":"","background-image":"","background-repeat":"repeat","background-position":"center center","background-size":"auto","background-attachment":"scroll","background-type":"","background-media":"","overlay-type":"","overlay-color":"","overlay-opacity":"","overlay-gradient":""}},"ast-content-background-meta":{"desktop":{"background-color":"var(--ast-global-color-4)","background-image":"","background-repeat":"repeat","background-position":"center center","background-size":"auto","background-attachment":"scroll","background-type":"","background-media":"","overlay-type":"","overlay-color":"","overlay-opacity":"","overlay-gradient":""},"tablet":{"background-color":"var(--ast-global-color-4)","background-image":"","background-repeat":"repeat","background-position":"center center","background-size":"auto","background-attachment":"scroll","background-type":"","background-media":"","overlay-type":"","overlay-color":"","overlay-opacity":"","overlay-gradient":""},"mobile":{"background-color":"var(--ast-global-color-4)","background-image":"","background-repeat":"repeat","background-position":"center center","background-size":"auto","background-attachment":"scroll","background-type":"","background-media":"","overlay-type":"","overlay-color":"","overlay-opacity":"","overlay-gradient":""}},"footnotes":""},"class_list":["post-679","page","type-page","status-publish","hentry"],"_links":{"self":[{"href":"https:\/\/strongholdoperativ.hu\/en\/wp-json\/wp\/v2\/pages\/679","targetHints":{"allow":["GET"]}}],"collection":[{"href":"https:\/\/strongholdoperativ.hu\/en\/wp-json\/wp\/v2\/pages"}],"about":[{"href":"https:\/\/strongholdoperativ.hu\/en\/wp-json\/wp\/v2\/types\/page"}],"author":[{"embeddable":true,"href":"https:\/\/strongholdoperativ.hu\/en\/wp-json\/wp\/v2\/users\/2"}],"replies":[{"embeddable":true,"href":"https:\/\/strongholdoperativ.hu\/en\/wp-json\/wp\/v2\/comments?post=679"}],"version-history":[{"count":2,"href":"https:\/\/strongholdoperativ.hu\/en\/wp-json\/wp\/v2\/pages\/679\/revisions"}],"predecessor-version":[{"id":1029,"href":"https:\/\/strongholdoperativ.hu\/en\/wp-json\/wp\/v2\/pages\/679\/revisions\/1029"}],"wp:attachment":[{"href":"https:\/\/strongholdoperativ.hu\/en\/wp-json\/wp\/v2\/media?parent=679"}],"curies":[{"name":"wp","href":"https:\/\/api.w.org\/{rel}","templated":true}]}}